{"id":7426,"date":"2024-01-24T09:23:34","date_gmt":"2024-01-24T07:23:34","guid":{"rendered":"https:\/\/www.cabinet-hypnose-a-paris.fr\/?page_id=7426"},"modified":"2025-01-06T16:54:48","modified_gmt":"2025-01-06T14:54:48","slug":"contact","status":"publish","type":"page","link":"https:\/\/www.cabinet-hypnose-a-paris.fr\/fr\/contact\/","title":{"rendered":"Contact"},"content":{"rendered":"<div class=\"wpb-content-wrapper\"><p>[vc_row css_animation=\u00a0\u00bb\u00a0\u00bb row_type=\u00a0\u00bbrow\u00a0\u00bb use_row_as_full_screen_section=\u00a0\u00bbno\u00a0\u00bb type=\u00a0\u00bbfull_width\u00a0\u00bb angled_section=\u00a0\u00bbno\u00a0\u00bb text_align=\u00a0\u00bbleft\u00a0\u00bb background_image_as_pattern=\u00a0\u00bbwithout_pattern\u00a0\u00bb css=\u00a0\u00bb.vc_custom_1702305457326{margin-top: 60px !important;margin-right: 50px !important;margin-bottom: 20px !important;margin-left: 50px !important;}\u00a0\u00bb z_index=\u00a0\u00bb\u00a0\u00bb][vc_column][vc_column_text css=\u00a0\u00bb.vc_custom_1705660188643{padding-bottom: 30px !important;}\u00a0\u00bb]<\/p>\n<h1>Me contacter<\/h1>\n<p>[\/vc_column_text][vc_column_text css=\u00a0\u00bb.vc_custom_1705660382966{padding-bottom: 20px !important;}\u00a0\u00bb]Vous avez une question ? Besoin d\u2019un renseignement ? <strong>N\u2019h\u00e9sitez pas \u00e0 me solliciter<\/strong> par le biais de mon formulaire de contact, je me ferai un plaisir de vous r\u00e9pondre ![\/vc_column_text][vc_column_text css=\u00a0\u00bb.vc_custom_1705661357404{padding-bottom: 40px !important;}\u00a0\u00bb]En cas de n\u00e9cessit\u00e9, vous pouvez aussi <strong>me contacter au 06 75 43 47 90.<\/strong>[\/vc_column_text]<a  itemprop=\"url\" href=\"https:\/\/www.cabinet-hypnose-a-paris.fr\/tarifs\/#rdv\" target=\"_self\" data-hover-background-color=\"#ffffff\" data-hover-border-color=\"#ffffff\" data-hover-color=\"#c10366\" class=\"qbutton  center default\" style=\"color: #ffffff; border-color: #c10366; background-color:#c10366;\">Prendre rendez-vous en ligne<i class=\"qode_icon_font_awesome fa fa-arrow-right qode_button_icon_element\" style=\"color: #ffffff\"><\/i><\/a>[\/vc_column][\/vc_row][vc_row css_animation=\u00a0\u00bb\u00a0\u00bb row_type=\u00a0\u00bbrow\u00a0\u00bb use_row_as_full_screen_section=\u00a0\u00bbno\u00a0\u00bb type=\u00a0\u00bbfull_width\u00a0\u00bb angled_section=\u00a0\u00bbno\u00a0\u00bb text_align=\u00a0\u00bbleft\u00a0\u00bb background_image_as_pattern=\u00a0\u00bbwithout_pattern\u00a0\u00bb css=\u00a0\u00bb.vc_custom_1705660821941{margin-right: 50px !important;margin-bottom: 30px !important;margin-left: 50px !important;padding-top: 30px !important;}\u00a0\u00bb z_index=\u00a0\u00bb\u00a0\u00bb][vc_column width=\u00a0\u00bb2\/3&Prime;][vc_column_text css=\u00a0\u00bb.vc_custom_1705660270434{padding-bottom: 30px !important;}\u00a0\u00bb]<\/p>\n<h2>Formulaire de contact<\/h2>\n<p>[\/vc_column_text][vc_column_text css=\u00a0\u00bb.vc_custom_1705660285053{padding-bottom: 30px !important;}\u00a0\u00bb]\n<div class=\"wpcf7 no-js\" id=\"wpcf7-f585-o1\" lang=\"fr-FR\" dir=\"ltr\" data-wpcf7-id=\"585\">\n<div class=\"screen-reader-response\"><p role=\"status\" aria-live=\"polite\" aria-atomic=\"true\"><\/p> <ul><\/ul><\/div>\n<form action=\"\/fr\/wp-json\/wp\/v2\/pages\/7426#wpcf7-f585-o1\" method=\"post\" class=\"wpcf7-form init\" aria-label=\"Formulaire de contact\" novalidate=\"novalidate\" data-status=\"init\">\n<fieldset class=\"hidden-fields-container\"><input type=\"hidden\" name=\"_wpcf7\" value=\"585\" \/><input type=\"hidden\" name=\"_wpcf7_version\" value=\"6.1.5\" \/><input type=\"hidden\" name=\"_wpcf7_locale\" value=\"fr_FR\" \/><input type=\"hidden\" name=\"_wpcf7_unit_tag\" value=\"wpcf7-f585-o1\" \/><input type=\"hidden\" name=\"_wpcf7_container_post\" value=\"0\" \/><input type=\"hidden\" name=\"_wpcf7_posted_data_hash\" value=\"\" \/><input type=\"hidden\" name=\"_wpcf7_recaptcha_response\" value=\"\" \/>\n<\/fieldset>\n<p><label> Votre nom (obligatoire)<br \/>\n<span class=\"wpcf7-form-control-wrap\" data-name=\"your-name\"><input size=\"40\" maxlength=\"400\" class=\"wpcf7-form-control wpcf7-text wpcf7-validates-as-required\" aria-required=\"true\" aria-invalid=\"false\" value=\"\" type=\"text\" name=\"your-name\" \/><\/span> <\/label>\n<\/p>\n<p><label> Votre e-mail (obligatoire)<br \/>\n<span class=\"wpcf7-form-control-wrap\" data-name=\"your-email\"><input size=\"40\" maxlength=\"400\" class=\"wpcf7-form-control wpcf7-email wpcf7-validates-as-required wpcf7-text wpcf7-validates-as-email\" aria-required=\"true\" aria-invalid=\"false\" value=\"\" type=\"email\" name=\"your-email\" \/><\/span> <\/label>\n<\/p>\n<p><label> Votre num\u00e9ro de t\u00e9l\u00e9phone (obligatoire)<br \/>\n<span class=\"wpcf7-form-control-wrap\" data-name=\"your-subject\"><input size=\"40\" maxlength=\"400\" class=\"wpcf7-form-control wpcf7-text wpcf7-validates-as-required\" aria-required=\"true\" aria-invalid=\"false\" value=\"\" type=\"text\" name=\"your-subject\" \/><\/span> <\/label>\n<\/p>\n<p><label> D\u00e9crivez votre demande<br \/>\n<span class=\"wpcf7-form-control-wrap\" data-name=\"your-message\"><textarea cols=\"40\" rows=\"10\" maxlength=\"2000\" class=\"wpcf7-form-control wpcf7-textarea\" aria-invalid=\"false\" name=\"your-message\"><\/textarea><\/span> <\/label>\n<\/p>\n<p><input class=\"wpcf7-form-control wpcf7-submit has-spinner\" type=\"submit\" value=\"Envoyer\" \/>\n<\/p><div class=\"wpcf7-response-output\" aria-hidden=\"true\"><\/div>\n<\/form>\n<\/div>\n[\/vc_column_text][\/vc_column][vc_column width=\u00a0\u00bb1\/3&Prime;][vc_single_image image=\u00a0\u00bb7480&Prime; img_size=\u00a0\u00bb250&#215;250&Prime; alignment=\u00a0\u00bbcenter\u00a0\u00bb style=\u00a0\u00bbvc_box_border_circle_2&Prime; border_color=\u00a0\u00bbwhite\u00a0\u00bb qode_css_animation=\u00a0\u00bbelement_from_fade\u00a0\u00bb qode_hover_animation=\u00a0\u00bbzoom_in\u00a0\u00bb css=\u00a0\u00bb.vc_custom_1706080976034{padding-bottom: 25px !important;}\u00a0\u00bb][vc_single_image image=\u00a0\u00bb5855&Prime; img_size=\u00a0\u00bb250&#215;250&Prime; alignment=\u00a0\u00bbcenter\u00a0\u00bb style=\u00a0\u00bbvc_box_border_circle_2&Prime; border_color=\u00a0\u00bbwhite\u00a0\u00bb qode_css_animation=\u00a0\u00bbelement_from_fade\u00a0\u00bb qode_hover_animation=\u00a0\u00bbzoom_in\u00a0\u00bb][\/vc_column][\/vc_row]<\/p>\n<\/div>","protected":false},"excerpt":{"rendered":"<p>[vc_row css_animation=\u00a0\u00bb\u00a0\u00bb row_type=\u00a0\u00bbrow\u00a0\u00bb use_row_as_full_screen_section=\u00a0\u00bbno\u00a0\u00bb type=\u00a0\u00bbfull_width\u00a0\u00bb angled_section=\u00a0\u00bbno\u00a0\u00bb text_align=\u00a0\u00bbleft\u00a0\u00bb background_image_as_pattern=\u00a0\u00bbwithout_pattern\u00a0\u00bb css=\u00a0\u00bb.vc_custom_1702305457326{margin-top: 60px !important;margin-right: 50px !important;margin-bottom: 20px !important;margin-left: 50px !important;}\u00a0\u00bb z_index=\u00a0\u00bb\u00a0\u00bb][vc_column][vc_column_text css=\u00a0\u00bb.vc_custom_1705660188643{padding-bottom: 30px !important;}\u00a0\u00bb] Me contacter [\/vc_column_text][vc_column_text css=\u00a0\u00bb.vc_custom_1705660382966{padding-bottom: 20px !important;}\u00a0\u00bb]Vous avez une question ? Besoin d\u2019un renseignement ? N\u2019h\u00e9sitez pas \u00e0 me solliciter par le biais de mon&#8230;<\/p>\n","protected":false},"author":5,"featured_media":0,"parent":0,"menu_order":0,"comment_status":"closed","ping_status":"closed","template":"full_width.php","meta":{"footnotes":""},"class_list":["post-7426","page","type-page","status-publish","hentry"],"yoast_head":"<!-- This site is optimized with the Yoast SEO plugin v27.3 - https:\/\/yoast.com\/product\/yoast-seo-wordpress\/ -->\n<title>Contacter Laurence DELINOT | Cabinet Hypnose<\/title>\n<meta name=\"description\" content=\"Une question ? Besoin d\u2019un renseignement ? Vous souhaitez prendre rendez-vous ? Contactez-moi, je me ferai un plaisir de vous r\u00e9pondre !\" \/>\n<meta name=\"robots\" content=\"index, follow, max-snippet:-1, max-image-preview:large, max-video-preview:-1\" \/>\n<link rel=\"canonical\" href=\"https:\/\/www.cabinet-hypnose-a-paris.fr\/fr\/contact\/\" \/>\n<meta property=\"og:locale\" content=\"fr_FR\" \/>\n<meta property=\"og:type\" content=\"article\" \/>\n<meta property=\"og:title\" content=\"Contacter Laurence DELINOT | Cabinet Hypnose\" \/>\n<meta property=\"og:description\" content=\"Une question ? Besoin d\u2019un renseignement ? Vous souhaitez prendre rendez-vous ? Contactez-moi, je me ferai un plaisir de vous r\u00e9pondre !\" \/>\n<meta property=\"og:url\" content=\"https:\/\/www.cabinet-hypnose-a-paris.fr\/fr\/contact\/\" \/>\n<meta property=\"og:site_name\" content=\"Hypnoth\u00e9rapie Paris - Laurence DELINOT\" \/>\n<meta property=\"article:modified_time\" content=\"2025-01-06T14:54:48+00:00\" \/>\n<meta name=\"twitter:card\" content=\"summary_large_image\" \/>\n<meta name=\"twitter:label1\" content=\"Dur\u00e9e de lecture estim\u00e9e\" \/>\n\t<meta name=\"twitter:data1\" content=\"1 minute\" \/>\n<script type=\"application\/ld+json\" class=\"yoast-schema-graph\">{\"@context\":\"https:\\\/\\\/schema.org\",\"@graph\":[{\"@type\":\"WebPage\",\"@id\":\"https:\\\/\\\/www.cabinet-hypnose-a-paris.fr\\\/fr\\\/contact\\\/\",\"url\":\"https:\\\/\\\/www.cabinet-hypnose-a-paris.fr\\\/fr\\\/contact\\\/\",\"name\":\"Contacter Laurence DELINOT | Cabinet Hypnose\",\"isPartOf\":{\"@id\":\"https:\\\/\\\/www.cabinet-hypnose-a-paris.fr\\\/fr\\\/#website\"},\"datePublished\":\"2024-01-24T07:23:34+00:00\",\"dateModified\":\"2025-01-06T14:54:48+00:00\",\"description\":\"Une question ? Besoin d\u2019un renseignement ? Vous souhaitez prendre rendez-vous ? Contactez-moi, je me ferai un plaisir de vous r\u00e9pondre !\",\"breadcrumb\":{\"@id\":\"https:\\\/\\\/www.cabinet-hypnose-a-paris.fr\\\/fr\\\/contact\\\/#breadcrumb\"},\"inLanguage\":\"fr-FR\",\"potentialAction\":[{\"@type\":\"ReadAction\",\"target\":[\"https:\\\/\\\/www.cabinet-hypnose-a-paris.fr\\\/fr\\\/contact\\\/\"]}]},{\"@type\":\"BreadcrumbList\",\"@id\":\"https:\\\/\\\/www.cabinet-hypnose-a-paris.fr\\\/fr\\\/contact\\\/#breadcrumb\",\"itemListElement\":[{\"@type\":\"ListItem\",\"position\":1,\"name\":\"Accueil\",\"item\":\"https:\\\/\\\/www.cabinet-hypnose-a-paris.fr\\\/fr\\\/\"},{\"@type\":\"ListItem\",\"position\":2,\"name\":\"Contact\"}]},{\"@type\":\"WebSite\",\"@id\":\"https:\\\/\\\/www.cabinet-hypnose-a-paris.fr\\\/fr\\\/#website\",\"url\":\"https:\\\/\\\/www.cabinet-hypnose-a-paris.fr\\\/fr\\\/\",\"name\":\"Hypnoth\u00e9rapie Paris - Laurence DELINOT\",\"description\":\"Se sentir mieux avec l&#039;hypnose\",\"publisher\":{\"@id\":\"https:\\\/\\\/www.cabinet-hypnose-a-paris.fr\\\/fr\\\/#\\\/schema\\\/person\\\/bb7c896af078cc4b3462e944eca0c0bd\"},\"potentialAction\":[{\"@type\":\"SearchAction\",\"target\":{\"@type\":\"EntryPoint\",\"urlTemplate\":\"https:\\\/\\\/www.cabinet-hypnose-a-paris.fr\\\/fr\\\/?s={search_term_string}\"},\"query-input\":{\"@type\":\"PropertyValueSpecification\",\"valueRequired\":true,\"valueName\":\"search_term_string\"}}],\"inLanguage\":\"fr-FR\"},{\"@type\":[\"Person\",\"Organization\"],\"@id\":\"https:\\\/\\\/www.cabinet-hypnose-a-paris.fr\\\/fr\\\/#\\\/schema\\\/person\\\/bb7c896af078cc4b3462e944eca0c0bd\",\"name\":\"Laurence DELINOT\",\"image\":{\"@type\":\"ImageObject\",\"inLanguage\":\"fr-FR\",\"@id\":\"https:\\\/\\\/www.cabinet-hypnose-a-paris.fr\\\/wp-content\\\/uploads\\\/2018\\\/01\\\/logo2344-4-e1516709410480.png\",\"url\":\"https:\\\/\\\/www.cabinet-hypnose-a-paris.fr\\\/wp-content\\\/uploads\\\/2018\\\/01\\\/logo2344-4-e1516709410480.png\",\"contentUrl\":\"https:\\\/\\\/www.cabinet-hypnose-a-paris.fr\\\/wp-content\\\/uploads\\\/2018\\\/01\\\/logo2344-4-e1516709410480.png\",\"width\":402,\"height\":175,\"caption\":\"Laurence DELINOT\"},\"logo\":{\"@id\":\"https:\\\/\\\/www.cabinet-hypnose-a-paris.fr\\\/wp-content\\\/uploads\\\/2018\\\/01\\\/logo2344-4-e1516709410480.png\"}}]}<\/script>\n<!-- \/ Yoast SEO plugin. -->","yoast_head_json":{"title":"Contacter Laurence DELINOT | Cabinet Hypnose","description":"Une question ? Besoin d\u2019un renseignement ? Vous souhaitez prendre rendez-vous ? Contactez-moi, je me ferai un plaisir de vous r\u00e9pondre !","robots":{"index":"index","follow":"follow","max-snippet":"max-snippet:-1","max-image-preview":"max-image-preview:large","max-video-preview":"max-video-preview:-1"},"canonical":"https:\/\/www.cabinet-hypnose-a-paris.fr\/fr\/contact\/","og_locale":"fr_FR","og_type":"article","og_title":"Contacter Laurence DELINOT | Cabinet Hypnose","og_description":"Une question ? Besoin d\u2019un renseignement ? Vous souhaitez prendre rendez-vous ? Contactez-moi, je me ferai un plaisir de vous r\u00e9pondre !","og_url":"https:\/\/www.cabinet-hypnose-a-paris.fr\/fr\/contact\/","og_site_name":"Hypnoth\u00e9rapie Paris - Laurence DELINOT","article_modified_time":"2025-01-06T14:54:48+00:00","twitter_card":"summary_large_image","twitter_misc":{"Dur\u00e9e de lecture estim\u00e9e":"1 minute"},"schema":{"@context":"https:\/\/schema.org","@graph":[{"@type":"WebPage","@id":"https:\/\/www.cabinet-hypnose-a-paris.fr\/fr\/contact\/","url":"https:\/\/www.cabinet-hypnose-a-paris.fr\/fr\/contact\/","name":"Contacter Laurence DELINOT | Cabinet Hypnose","isPartOf":{"@id":"https:\/\/www.cabinet-hypnose-a-paris.fr\/fr\/#website"},"datePublished":"2024-01-24T07:23:34+00:00","dateModified":"2025-01-06T14:54:48+00:00","description":"Une question ? Besoin d\u2019un renseignement ? Vous souhaitez prendre rendez-vous ? Contactez-moi, je me ferai un plaisir de vous r\u00e9pondre !","breadcrumb":{"@id":"https:\/\/www.cabinet-hypnose-a-paris.fr\/fr\/contact\/#breadcrumb"},"inLanguage":"fr-FR","potentialAction":[{"@type":"ReadAction","target":["https:\/\/www.cabinet-hypnose-a-paris.fr\/fr\/contact\/"]}]},{"@type":"BreadcrumbList","@id":"https:\/\/www.cabinet-hypnose-a-paris.fr\/fr\/contact\/#breadcrumb","itemListElement":[{"@type":"ListItem","position":1,"name":"Accueil","item":"https:\/\/www.cabinet-hypnose-a-paris.fr\/fr\/"},{"@type":"ListItem","position":2,"name":"Contact"}]},{"@type":"WebSite","@id":"https:\/\/www.cabinet-hypnose-a-paris.fr\/fr\/#website","url":"https:\/\/www.cabinet-hypnose-a-paris.fr\/fr\/","name":"Hypnoth\u00e9rapie Paris - Laurence DELINOT","description":"Se sentir mieux avec l&#039;hypnose","publisher":{"@id":"https:\/\/www.cabinet-hypnose-a-paris.fr\/fr\/#\/schema\/person\/bb7c896af078cc4b3462e944eca0c0bd"},"potentialAction":[{"@type":"SearchAction","target":{"@type":"EntryPoint","urlTemplate":"https:\/\/www.cabinet-hypnose-a-paris.fr\/fr\/?s={search_term_string}"},"query-input":{"@type":"PropertyValueSpecification","valueRequired":true,"valueName":"search_term_string"}}],"inLanguage":"fr-FR"},{"@type":["Person","Organization"],"@id":"https:\/\/www.cabinet-hypnose-a-paris.fr\/fr\/#\/schema\/person\/bb7c896af078cc4b3462e944eca0c0bd","name":"Laurence DELINOT","image":{"@type":"ImageObject","inLanguage":"fr-FR","@id":"https:\/\/www.cabinet-hypnose-a-paris.fr\/wp-content\/uploads\/2018\/01\/logo2344-4-e1516709410480.png","url":"https:\/\/www.cabinet-hypnose-a-paris.fr\/wp-content\/uploads\/2018\/01\/logo2344-4-e1516709410480.png","contentUrl":"https:\/\/www.cabinet-hypnose-a-paris.fr\/wp-content\/uploads\/2018\/01\/logo2344-4-e1516709410480.png","width":402,"height":175,"caption":"Laurence DELINOT"},"logo":{"@id":"https:\/\/www.cabinet-hypnose-a-paris.fr\/wp-content\/uploads\/2018\/01\/logo2344-4-e1516709410480.png"}}]}},"_links":{"self":[{"href":"https:\/\/www.cabinet-hypnose-a-paris.fr\/fr\/wp-json\/wp\/v2\/pages\/7426","targetHints":{"allow":["GET"]}}],"collection":[{"href":"https:\/\/www.cabinet-hypnose-a-paris.fr\/fr\/wp-json\/wp\/v2\/pages"}],"about":[{"href":"https:\/\/www.cabinet-hypnose-a-paris.fr\/fr\/wp-json\/wp\/v2\/types\/page"}],"author":[{"embeddable":true,"href":"https:\/\/www.cabinet-hypnose-a-paris.fr\/fr\/wp-json\/wp\/v2\/users\/5"}],"replies":[{"embeddable":true,"href":"https:\/\/www.cabinet-hypnose-a-paris.fr\/fr\/wp-json\/wp\/v2\/comments?post=7426"}],"version-history":[{"count":15,"href":"https:\/\/www.cabinet-hypnose-a-paris.fr\/fr\/wp-json\/wp\/v2\/pages\/7426\/revisions"}],"predecessor-version":[{"id":7483,"href":"https:\/\/www.cabinet-hypnose-a-paris.fr\/fr\/wp-json\/wp\/v2\/pages\/7426\/revisions\/7483"}],"wp:attachment":[{"href":"https:\/\/www.cabinet-hypnose-a-paris.fr\/fr\/wp-json\/wp\/v2\/media?parent=7426"}],"curies":[{"name":"wp","href":"https:\/\/api.w.org\/{rel}","templated":true}]}}