{"id":7084,"date":"2024-01-24T09:06:19","date_gmt":"2024-01-24T07:06:19","guid":{"rendered":"https:\/\/www.cabinet-hypnose-a-paris.fr\/?page_id=7084"},"modified":"2025-09-23T11:43:15","modified_gmt":"2025-09-23T09:43:15","slug":"tarifs","status":"publish","type":"page","link":"https:\/\/www.cabinet-hypnose-a-paris.fr\/fr\/tarifs\/","title":{"rendered":"Tarifs"},"content":{"rendered":"<div class=\"wpb-content-wrapper\"><p>[vc_row css_animation=\u00a0\u00bb\u00a0\u00bb row_type=\u00a0\u00bbrow\u00a0\u00bb use_row_as_full_screen_section=\u00a0\u00bbno\u00a0\u00bb type=\u00a0\u00bbfull_width\u00a0\u00bb angled_section=\u00a0\u00bbno\u00a0\u00bb text_align=\u00a0\u00bbleft\u00a0\u00bb background_image_as_pattern=\u00a0\u00bbwithout_pattern\u00a0\u00bb z_index=\u00a0\u00bb\u00a0\u00bb][vc_column css=\u00a0\u00bb.vc_custom_1704390176273{padding-top: 60px !important;padding-right: 60px !important;padding-bottom: 30px !important;padding-left: 60px !important;background-color: #c26796 !important;}\u00a0\u00bb][vc_column_text]<\/p>\n<h1 style=\"text-align: center;\"><span style=\"font-size: 28pt; color: #ffffff;\">Tarifs pour une s\u00e9ance d&rsquo;hypnose ou EMDR<\/span><\/h1>\n<p>[\/vc_column_text][vc_column_text css=\u00a0\u00bb.vc_custom_1704390131696{padding-top: 60px !important;padding-bottom: 20px !important;}\u00a0\u00bb]<\/p>\n<p style=\"text-align: center;\"><span style=\"color: #ffffff;\">Vous trouverez ici les <strong>tarifs et renseignements utiles pour la r\u00e9servation de votre s\u00e9ance d&rsquo;hypnose<\/strong> avec Laurence DELINOT, que ce soit au cabinet situ\u00e9 \u00e0 Paris 15 ou \u00e0 distance.<\/span><\/p>\n<p>[\/vc_column_text][vc_column_text]<\/p>\n<p style=\"text-align: center;\"><span style=\"color: #ffffff;\">A savoir : Les s\u00e9ances ne sont pas rembours\u00e9es par la s\u00e9curit\u00e9 sociale, mais peuvent \u00eatre prises en charge selon les mutuelles.<\/span><\/p>\n<p>[\/vc_column_text][\/vc_column][\/vc_row][vc_row css_animation=\u00a0\u00bb\u00a0\u00bb row_type=\u00a0\u00bbrow\u00a0\u00bb use_row_as_full_screen_section=\u00a0\u00bbno\u00a0\u00bb type=\u00a0\u00bbfull_width\u00a0\u00bb angled_section=\u00a0\u00bbno\u00a0\u00bb text_align=\u00a0\u00bbleft\u00a0\u00bb background_image_as_pattern=\u00a0\u00bbwithout_pattern\u00a0\u00bb css=\u00a0\u00bb.vc_custom_1704389339459{padding-right: 50px !important;padding-left: 25px !important;background-color: #c26796 !important;}\u00a0\u00bb z_index=\u00a0\u00bb\u00a0\u00bb][vc_column width=\u00a0\u00bb1\/3&Prime; css=\u00a0\u00bb.vc_custom_1704388172477{border-top-width: 10px !important;padding-right: 25px !important;padding-bottom: 60px !important;padding-left: 25px !important;}\u00a0\u00bb]<span class=\"separator_with_icon\" style=\"color:#ffffff\"><i class=\"fa fa-sun-o\"><\/i><\/span>[vc_column_text css=\u00a0\u00bb.vc_custom_1704387890585{padding-top: 20px !important;}\u00a0\u00bb]<\/p>\n<h2 style=\"text-align: center;\"><em><span style=\"font-size: 18pt; color: #ffffff;\">Consultation hypnose ou EMDR<\/span><\/em><\/h2>\n<p>[\/vc_column_text][vc_column_text css=\u00a0\u00bb.vc_custom_1704377709311{padding-top: 30px !important;}\u00a0\u00bb]<\/p>\n<p style=\"text-align: center;\"><span style=\"font-size: 28pt; color: #ffffff;\">85\u20ac<\/span><\/p>\n<p>[\/vc_column_text][vc_column_text css=\u00a0\u00bb.vc_custom_1704387427278{padding-top: 20px !important;}\u00a0\u00bb]<\/p>\n<p style=\"text-align: center;\"><span style=\"color: #ffffff;\">1 s\u00e9ance<br \/>\nen cabinet ou \u00e0 distance<\/span><\/p>\n<p>[\/vc_column_text]<a  itemprop=\"url\" href=\"https:\/\/www.cabinet-hypnose-a-paris.fr\/tarifs\/#rdv\" target=\"_self\" data-hover-background-color=\"#8db5b3\" data-hover-border-color=\"#8db5b3\" data-hover-color=\"#ffffff\" class=\"qbutton  center default\" style=\"color: #ffffff; border-color: #2b8381; margin: 30px 130px 30px 130px; background-color:#2b8381;\">Je prends rdv<\/a><span class=\"separator_with_icon\" style=\"color:#ffffff\"><i class=\"fa fa-sun-o\"><\/i><\/span>[\/vc_column][vc_column width=\u00a0\u00bb1\/3&Prime; css=\u00a0\u00bb.vc_custom_1704388178167{border-top-width: 10px !important;padding-right: 25px !important;padding-bottom: 60px !important;padding-left: 25px !important;}\u00a0\u00bb]<span class=\"separator_with_icon\" style=\"color:#ffffff\"><i class=\"fa fa-sun-o\"><\/i><\/span>[vc_column_text css=\u00a0\u00bb.vc_custom_1704387898529{padding-top: 20px !important;}\u00a0\u00bb]<\/p>\n<h2 style=\"text-align: center;\"><em><span style=\"font-size: 18pt; color: #ffffff;\">Tarif \u00e9tudiant ou demandeur d&#8217;emploi<\/span><\/em><\/h2>\n<p>[\/vc_column_text][vc_column_text css=\u00a0\u00bb.vc_custom_1704377717882{padding-top: 30px !important;}\u00a0\u00bb]<\/p>\n<p style=\"text-align: center;\"><span style=\"font-size: 28pt; color: #ffffff;\">70\u20ac<\/span><\/p>\n<p>[\/vc_column_text][vc_column_text css=\u00a0\u00bb.vc_custom_1704387432347{padding-top: 20px !important;}\u00a0\u00bb]<\/p>\n<p style=\"text-align: center;\"><span style=\"color: #ffffff;\">1 s\u00e9ance<br \/>\nen cabinet ou \u00e0 distance<\/span><\/p>\n<p>[\/vc_column_text]<a  itemprop=\"url\" href=\"https:\/\/www.cabinet-hypnose-a-paris.fr\/tarifs\/#rdv\" target=\"_self\" data-hover-background-color=\"#8db5b3\" data-hover-border-color=\"#8db5b3\" data-hover-color=\"#ffffff\" class=\"qbutton  center default\" style=\"color: #ffffff; border-color: #2b8381; margin: 30px 130px 30px 130px; background-color:#2b8381;\">Je prends rdv<\/a><span class=\"separator_with_icon\" style=\"color:#ffffff\"><i class=\"fa fa-sun-o\"><\/i><\/span>[\/vc_column][vc_column width=\u00a0\u00bb1\/3&Prime; css=\u00a0\u00bb.vc_custom_1704388184085{border-top-width: 10px !important;padding-right: 25px !important;padding-bottom: 60px !important;padding-left: 25px !important;}\u00a0\u00bb]<span class=\"separator_with_icon\" style=\"color:#ffffff\"><i class=\"fa fa-sun-o\"><\/i><\/span>[vc_column_text css=\u00a0\u00bb.vc_custom_1704387905713{padding-top: 20px !important;}\u00a0\u00bb]<\/p>\n<h2 style=\"text-align: center;\"><em><span style=\"font-size: 18pt; color: #ffffff;\">Formule \u00ab\u00a0Arr\u00eat du tabac\u00a0\u00bb<\/span><\/em><\/h2>\n<p>[\/vc_column_text][vc_column_text css=\u00a0\u00bb.vc_custom_1704377509389{padding-top: 30px !important;}\u00a0\u00bb]<\/p>\n<p style=\"text-align: center;\"><span style=\"font-size: 28pt; color: #ffffff;\">200\u20ac<\/span><\/p>\n<p>[\/vc_column_text][vc_column_text css=\u00a0\u00bb.vc_custom_1704387437876{padding-top: 20px !important;}\u00a0\u00bb]<\/p>\n<p style=\"text-align: center;\"><span style=\"color: #ffffff;\">2 s\u00e9ances (arr\u00eat + renforcement)<br \/>\nen cabinet ou \u00e0 distance<\/span><\/p>\n<p>[\/vc_column_text]<a  itemprop=\"url\" href=\"https:\/\/www.cabinet-hypnose-a-paris.fr\/tarifs\/#rdv\" target=\"_self\" data-hover-background-color=\"#8db5b3\" data-hover-border-color=\"#8db5b3\" data-hover-color=\"#ffffff\" class=\"qbutton  center default\" style=\"color: #ffffff; border-color: #2b8381; margin: 30px 130px 30px 130px; background-color:#2b8381;\">Je prends rdv<\/a><span class=\"separator_with_icon\" style=\"color:#ffffff\"><i class=\"fa fa-sun-o\"><\/i><\/span>[\/vc_column][\/vc_row][vc_row css_animation=\u00a0\u00bb\u00a0\u00bb row_type=\u00a0\u00bbrow\u00a0\u00bb use_row_as_full_screen_section=\u00a0\u00bbno\u00a0\u00bb type=\u00a0\u00bbfull_width\u00a0\u00bb angled_section=\u00a0\u00bbno\u00a0\u00bb text_align=\u00a0\u00bbleft\u00a0\u00bb background_image_as_pattern=\u00a0\u00bbwithout_pattern\u00a0\u00bb el_id=\u00a0\u00bbrdv\u00a0\u00bb z_index=\u00a0\u00bb\u00a0\u00bb][vc_column css=\u00a0\u00bb.vc_custom_1704389115042{padding-top: 10px !important;padding-right: 60px !important;padding-bottom: 20px !important;padding-left: 60px !important;}\u00a0\u00bb][vc_column_text css=\u00a0\u00bb.vc_custom_1704389800779{padding-top: 60px !important;padding-bottom: 30px !important;}\u00a0\u00bb el_id=\u00a0\u00bbrdv-tarifs\u00a0\u00bb]<\/p>\n<h2 style=\"text-align: center;\">R\u00e9servez votre cr\u00e9neau en ligne d\u00e8s maintenant !<\/h2>\n<p>[\/vc_column_text][vc_column_text css=\u00a0\u00bb.vc_custom_1704390068568{padding-top: 20px !important;padding-bottom: 30px !important;}\u00a0\u00bb]<\/p>\n<p style=\"text-align: center;\">Le nombre de s\u00e9ances n\u00e9cessaire varie selon les individus et selon le motif de consultation. Lors de la premi\u00e8re consultation, je m&rsquo;attacherai \u00e0 <strong>bien comprendre votre probl\u00e9matique et votre histoire personnelle<\/strong> pour vous proposer l&rsquo;accompagnement adapt\u00e9.<\/p>\n<p>[\/vc_column_text][vc_column_text css=\u00a0\u00bb.vc_custom_1704389126405{padding-bottom: 20px !important;}\u00a0\u00bb]<\/p>\n<p style=\"text-align: center;\">Pour chaque consultant, je propose de r\u00e9aliser la s\u00e9ance d&rsquo;hypnose en cabinet (\u00e0 Paris 15) ou en t\u00e9l\u00e9consultation. L\u2019int\u00e9r\u00eat des consultations en ligne est multiple : <strong>vous gagnez du temps<\/strong>, vous \u00eates dans un <strong>environnement que vous connaissez<\/strong> pour vous d\u00e9tendre, et cela <strong>permet aussi d&rsquo;assurer un suivi plus r\u00e9gulier<\/strong> si votre emploi du temps est charg\u00e9 !<\/p>\n<p>[\/vc_column_text][vc_raw_html css=\u00a0\u00bb.vc_custom_1704389169082{padding-bottom: 40px !important;}\u00a0\u00bb]JTNDJTIxLS0lMjBEJUMzJUE5YnV0JTIwZGUlMjB3aWRnZXQlMjBlbiUyMGxpZ25lJTIwQ2FsZW5kbHklMjAtLSUzRSUwQSUzQ2RpdiUyMGNsYXNzJTNEJTIyY2FsZW5kbHktaW5saW5lLXdpZGdldCUyMiUyMGRhdGEtdXJsJTNEJTIyaHR0cHMlM0ElMkYlMkZjYWxlbmRseS5jb20lMkZsYXVyZW5jZS1kZWxpbm90JTNGaGlkZV9nZHByX2Jhbm5lciUzRDElMjZwcmltYXJ5X2NvbG9yJTNEMmI4MzgxJTIyJTIwc3R5bGUlM0QlMjJtaW4td2lkdGglM0EzMjBweCUzQmhlaWdodCUzQTcwMHB4JTNCJTIyJTNFJTNDJTJGZGl2JTNFJTBBJTNDc2NyaXB0JTIwdHlwZSUzRCUyMnRleHQlMkZqYXZhc2NyaXB0JTIyJTIwc3JjJTNEJTIyaHR0cHMlM0ElMkYlMkZhc3NldHMuY2FsZW5kbHkuY29tJTJGYXNzZXRzJTJGZXh0ZXJuYWwlMkZ3aWRnZXQuanMlMjIlMjBhc3luYyUzRSUzQyUyRnNjcmlwdCUzRSUwQSUzQyUyMS0tJTIwRmluJTIwZGUlMjB3aWRnZXQlMjBlbiUyMGxpZ25lJTIwQ2FsZW5kbHklMjAtLSUzRQ==[\/vc_raw_html][\/vc_column][\/vc_row]<\/p>\n<\/div>","protected":false},"excerpt":{"rendered":"<p>[vc_row css_animation=\u00a0\u00bb\u00a0\u00bb row_type=\u00a0\u00bbrow\u00a0\u00bb use_row_as_full_screen_section=\u00a0\u00bbno\u00a0\u00bb type=\u00a0\u00bbfull_width\u00a0\u00bb angled_section=\u00a0\u00bbno\u00a0\u00bb text_align=\u00a0\u00bbleft\u00a0\u00bb background_image_as_pattern=\u00a0\u00bbwithout_pattern\u00a0\u00bb z_index=\u00a0\u00bb\u00a0\u00bb][vc_column css=\u00a0\u00bb.vc_custom_1704390176273{padding-top: 60px !important;padding-right: 60px !important;padding-bottom: 30px !important;padding-left: 60px !important;background-color: #c26796 !important;}\u00a0\u00bb][vc_column_text] Tarifs pour une s\u00e9ance d&rsquo;hypnose ou EMDR [\/vc_column_text][vc_column_text css=\u00a0\u00bb.vc_custom_1704390131696{padding-top: 60px !important;padding-bottom: 20px !important;}\u00a0\u00bb] Vous trouverez ici les tarifs et renseignements utiles pour la r\u00e9servation de&#8230;<\/p>\n","protected":false},"author":5,"featured_media":0,"parent":0,"menu_order":0,"comment_status":"closed","ping_status":"closed","template":"full_width.php","meta":{"footnotes":""},"class_list":["post-7084","page","type-page","status-publish","hentry"],"yoast_head":"<!-- This site is optimized with the Yoast SEO plugin v27.3 - https:\/\/yoast.com\/product\/yoast-seo-wordpress\/ -->\n<title>Tarifs s\u00e9ance(s) hypnose et EMDR | Cabinet Laurence DELINOT<\/title>\n<meta name=\"description\" content=\"Vous vous demandez quel est le prix d&#039;une s\u00e9ance d&#039;hypnose au cabinet de Laurence DELINOT \u00e0 Paris 15 ou en ligne ? R\u00e9ponse ici !\" \/>\n<meta name=\"robots\" content=\"index, follow, max-snippet:-1, max-image-preview:large, max-video-preview:-1\" \/>\n<link rel=\"canonical\" href=\"https:\/\/www.cabinet-hypnose-a-paris.fr\/fr\/tarifs\/\" \/>\n<meta property=\"og:locale\" content=\"fr_FR\" \/>\n<meta property=\"og:type\" content=\"article\" \/>\n<meta property=\"og:title\" content=\"Tarifs s\u00e9ance(s) hypnose et EMDR | Cabinet Laurence DELINOT\" \/>\n<meta property=\"og:description\" content=\"Vous vous demandez quel est le prix d&#039;une s\u00e9ance d&#039;hypnose au cabinet de Laurence DELINOT \u00e0 Paris 15 ou en ligne ? R\u00e9ponse ici !\" \/>\n<meta property=\"og:url\" content=\"https:\/\/www.cabinet-hypnose-a-paris.fr\/fr\/tarifs\/\" \/>\n<meta property=\"og:site_name\" content=\"Hypnoth\u00e9rapie Paris - Laurence DELINOT\" \/>\n<meta property=\"article:modified_time\" content=\"2025-09-23T09:43:15+00:00\" \/>\n<meta name=\"twitter:card\" content=\"summary_large_image\" \/>\n<meta name=\"twitter:label1\" content=\"Dur\u00e9e de lecture estim\u00e9e\" \/>\n\t<meta name=\"twitter:data1\" content=\"3 minutes\" \/>\n<script type=\"application\/ld+json\" class=\"yoast-schema-graph\">{\"@context\":\"https:\\\/\\\/schema.org\",\"@graph\":[{\"@type\":\"WebPage\",\"@id\":\"https:\\\/\\\/www.cabinet-hypnose-a-paris.fr\\\/fr\\\/tarifs\\\/\",\"url\":\"https:\\\/\\\/www.cabinet-hypnose-a-paris.fr\\\/fr\\\/tarifs\\\/\",\"name\":\"Tarifs s\u00e9ance(s) hypnose et EMDR | Cabinet Laurence DELINOT\",\"isPartOf\":{\"@id\":\"https:\\\/\\\/www.cabinet-hypnose-a-paris.fr\\\/fr\\\/#website\"},\"datePublished\":\"2024-01-24T07:06:19+00:00\",\"dateModified\":\"2025-09-23T09:43:15+00:00\",\"description\":\"Vous vous demandez quel est le prix d'une s\u00e9ance d'hypnose au cabinet de Laurence DELINOT \u00e0 Paris 15 ou en ligne ? R\u00e9ponse ici !\",\"breadcrumb\":{\"@id\":\"https:\\\/\\\/www.cabinet-hypnose-a-paris.fr\\\/fr\\\/tarifs\\\/#breadcrumb\"},\"inLanguage\":\"fr-FR\",\"potentialAction\":[{\"@type\":\"ReadAction\",\"target\":[\"https:\\\/\\\/www.cabinet-hypnose-a-paris.fr\\\/fr\\\/tarifs\\\/\"]}]},{\"@type\":\"BreadcrumbList\",\"@id\":\"https:\\\/\\\/www.cabinet-hypnose-a-paris.fr\\\/fr\\\/tarifs\\\/#breadcrumb\",\"itemListElement\":[{\"@type\":\"ListItem\",\"position\":1,\"name\":\"Accueil\",\"item\":\"https:\\\/\\\/www.cabinet-hypnose-a-paris.fr\\\/fr\\\/\"},{\"@type\":\"ListItem\",\"position\":2,\"name\":\"Tarifs\"}]},{\"@type\":\"WebSite\",\"@id\":\"https:\\\/\\\/www.cabinet-hypnose-a-paris.fr\\\/fr\\\/#website\",\"url\":\"https:\\\/\\\/www.cabinet-hypnose-a-paris.fr\\\/fr\\\/\",\"name\":\"Hypnoth\u00e9rapie Paris - Laurence DELINOT\",\"description\":\"Se sentir mieux avec l&#039;hypnose\",\"publisher\":{\"@id\":\"https:\\\/\\\/www.cabinet-hypnose-a-paris.fr\\\/fr\\\/#\\\/schema\\\/person\\\/bb7c896af078cc4b3462e944eca0c0bd\"},\"potentialAction\":[{\"@type\":\"SearchAction\",\"target\":{\"@type\":\"EntryPoint\",\"urlTemplate\":\"https:\\\/\\\/www.cabinet-hypnose-a-paris.fr\\\/fr\\\/?s={search_term_string}\"},\"query-input\":{\"@type\":\"PropertyValueSpecification\",\"valueRequired\":true,\"valueName\":\"search_term_string\"}}],\"inLanguage\":\"fr-FR\"},{\"@type\":[\"Person\",\"Organization\"],\"@id\":\"https:\\\/\\\/www.cabinet-hypnose-a-paris.fr\\\/fr\\\/#\\\/schema\\\/person\\\/bb7c896af078cc4b3462e944eca0c0bd\",\"name\":\"Laurence DELINOT\",\"image\":{\"@type\":\"ImageObject\",\"inLanguage\":\"fr-FR\",\"@id\":\"https:\\\/\\\/www.cabinet-hypnose-a-paris.fr\\\/wp-content\\\/uploads\\\/2018\\\/01\\\/logo2344-4-e1516709410480.png\",\"url\":\"https:\\\/\\\/www.cabinet-hypnose-a-paris.fr\\\/wp-content\\\/uploads\\\/2018\\\/01\\\/logo2344-4-e1516709410480.png\",\"contentUrl\":\"https:\\\/\\\/www.cabinet-hypnose-a-paris.fr\\\/wp-content\\\/uploads\\\/2018\\\/01\\\/logo2344-4-e1516709410480.png\",\"width\":402,\"height\":175,\"caption\":\"Laurence DELINOT\"},\"logo\":{\"@id\":\"https:\\\/\\\/www.cabinet-hypnose-a-paris.fr\\\/wp-content\\\/uploads\\\/2018\\\/01\\\/logo2344-4-e1516709410480.png\"}}]}<\/script>\n<!-- \/ Yoast SEO plugin. -->","yoast_head_json":{"title":"Tarifs s\u00e9ance(s) hypnose et EMDR | Cabinet Laurence DELINOT","description":"Vous vous demandez quel est le prix d'une s\u00e9ance d'hypnose au cabinet de Laurence DELINOT \u00e0 Paris 15 ou en ligne ? R\u00e9ponse ici !","robots":{"index":"index","follow":"follow","max-snippet":"max-snippet:-1","max-image-preview":"max-image-preview:large","max-video-preview":"max-video-preview:-1"},"canonical":"https:\/\/www.cabinet-hypnose-a-paris.fr\/fr\/tarifs\/","og_locale":"fr_FR","og_type":"article","og_title":"Tarifs s\u00e9ance(s) hypnose et EMDR | Cabinet Laurence DELINOT","og_description":"Vous vous demandez quel est le prix d'une s\u00e9ance d'hypnose au cabinet de Laurence DELINOT \u00e0 Paris 15 ou en ligne ? R\u00e9ponse ici !","og_url":"https:\/\/www.cabinet-hypnose-a-paris.fr\/fr\/tarifs\/","og_site_name":"Hypnoth\u00e9rapie Paris - Laurence DELINOT","article_modified_time":"2025-09-23T09:43:15+00:00","twitter_card":"summary_large_image","twitter_misc":{"Dur\u00e9e de lecture estim\u00e9e":"3 minutes"},"schema":{"@context":"https:\/\/schema.org","@graph":[{"@type":"WebPage","@id":"https:\/\/www.cabinet-hypnose-a-paris.fr\/fr\/tarifs\/","url":"https:\/\/www.cabinet-hypnose-a-paris.fr\/fr\/tarifs\/","name":"Tarifs s\u00e9ance(s) hypnose et EMDR | Cabinet Laurence DELINOT","isPartOf":{"@id":"https:\/\/www.cabinet-hypnose-a-paris.fr\/fr\/#website"},"datePublished":"2024-01-24T07:06:19+00:00","dateModified":"2025-09-23T09:43:15+00:00","description":"Vous vous demandez quel est le prix d'une s\u00e9ance d'hypnose au cabinet de Laurence DELINOT \u00e0 Paris 15 ou en ligne ? R\u00e9ponse ici !","breadcrumb":{"@id":"https:\/\/www.cabinet-hypnose-a-paris.fr\/fr\/tarifs\/#breadcrumb"},"inLanguage":"fr-FR","potentialAction":[{"@type":"ReadAction","target":["https:\/\/www.cabinet-hypnose-a-paris.fr\/fr\/tarifs\/"]}]},{"@type":"BreadcrumbList","@id":"https:\/\/www.cabinet-hypnose-a-paris.fr\/fr\/tarifs\/#breadcrumb","itemListElement":[{"@type":"ListItem","position":1,"name":"Accueil","item":"https:\/\/www.cabinet-hypnose-a-paris.fr\/fr\/"},{"@type":"ListItem","position":2,"name":"Tarifs"}]},{"@type":"WebSite","@id":"https:\/\/www.cabinet-hypnose-a-paris.fr\/fr\/#website","url":"https:\/\/www.cabinet-hypnose-a-paris.fr\/fr\/","name":"Hypnoth\u00e9rapie Paris - Laurence DELINOT","description":"Se sentir mieux avec l&#039;hypnose","publisher":{"@id":"https:\/\/www.cabinet-hypnose-a-paris.fr\/fr\/#\/schema\/person\/bb7c896af078cc4b3462e944eca0c0bd"},"potentialAction":[{"@type":"SearchAction","target":{"@type":"EntryPoint","urlTemplate":"https:\/\/www.cabinet-hypnose-a-paris.fr\/fr\/?s={search_term_string}"},"query-input":{"@type":"PropertyValueSpecification","valueRequired":true,"valueName":"search_term_string"}}],"inLanguage":"fr-FR"},{"@type":["Person","Organization"],"@id":"https:\/\/www.cabinet-hypnose-a-paris.fr\/fr\/#\/schema\/person\/bb7c896af078cc4b3462e944eca0c0bd","name":"Laurence DELINOT","image":{"@type":"ImageObject","inLanguage":"fr-FR","@id":"https:\/\/www.cabinet-hypnose-a-paris.fr\/wp-content\/uploads\/2018\/01\/logo2344-4-e1516709410480.png","url":"https:\/\/www.cabinet-hypnose-a-paris.fr\/wp-content\/uploads\/2018\/01\/logo2344-4-e1516709410480.png","contentUrl":"https:\/\/www.cabinet-hypnose-a-paris.fr\/wp-content\/uploads\/2018\/01\/logo2344-4-e1516709410480.png","width":402,"height":175,"caption":"Laurence DELINOT"},"logo":{"@id":"https:\/\/www.cabinet-hypnose-a-paris.fr\/wp-content\/uploads\/2018\/01\/logo2344-4-e1516709410480.png"}}]}},"_links":{"self":[{"href":"https:\/\/www.cabinet-hypnose-a-paris.fr\/fr\/wp-json\/wp\/v2\/pages\/7084","targetHints":{"allow":["GET"]}}],"collection":[{"href":"https:\/\/www.cabinet-hypnose-a-paris.fr\/fr\/wp-json\/wp\/v2\/pages"}],"about":[{"href":"https:\/\/www.cabinet-hypnose-a-paris.fr\/fr\/wp-json\/wp\/v2\/types\/page"}],"author":[{"embeddable":true,"href":"https:\/\/www.cabinet-hypnose-a-paris.fr\/fr\/wp-json\/wp\/v2\/users\/5"}],"replies":[{"embeddable":true,"href":"https:\/\/www.cabinet-hypnose-a-paris.fr\/fr\/wp-json\/wp\/v2\/comments?post=7084"}],"version-history":[{"count":103,"href":"https:\/\/www.cabinet-hypnose-a-paris.fr\/fr\/wp-json\/wp\/v2\/pages\/7084\/revisions"}],"predecessor-version":[{"id":8347,"href":"https:\/\/www.cabinet-hypnose-a-paris.fr\/fr\/wp-json\/wp\/v2\/pages\/7084\/revisions\/8347"}],"wp:attachment":[{"href":"https:\/\/www.cabinet-hypnose-a-paris.fr\/fr\/wp-json\/wp\/v2\/media?parent=7084"}],"curies":[{"name":"wp","href":"https:\/\/api.w.org\/{rel}","templated":true}]}}